{"id":148,"date":"2026-02-05T16:16:04","date_gmt":"2026-02-05T22:16:04","guid":{"rendered":"https:\/\/northbridgetaxes.com\/?page_id=148"},"modified":"2026-02-16T16:27:47","modified_gmt":"2026-02-16T22:27:47","slug":"terms-and-conditions","status":"publish","type":"page","link":"https:\/\/northbridgetaxes.com\/es\/terms-and-conditions\/","title":{"rendered":"T\u00e9rminos y condiciones"},"content":{"rendered":"<div data-elementor-type=\"wp-page\" data-elementor-id=\"148\" class=\"elementor elementor-148\" data-elementor-post-type=\"page\">\n\t\t\t\t<div class=\"elementor-element elementor-element-4486f5b e-flex e-con-boxed e-con e-parent\" data-id=\"4486f5b\" data-element_type=\"container\" data-e-type=\"container\">\n\t\t\t\t\t<div class=\"e-con-inner\">\n\t\t\t\t<div class=\"elementor-element elementor-element-2f53325 elementor-widget elementor-widget-text-editor\" data-id=\"2f53325\" data-element_type=\"widget\" data-e-type=\"widget\" data-widget_type=\"text-editor.default\">\n\t\t\t\t\t\t\t\t\t<p>\u00daltima actualizaci\u00f3n: ___<\/p><p>\u00a0<\/p><p>Bienvenido al sitio web de SAO \u2013 Servicios Administrativos OHRS, S. de R.L. de C.V. (\u201cSAO\u201d). Al acceder y utilizar este sitio web (el \u201cSitio\u201d), usted acepta cumplir con estos T\u00e9rminos y condiciones de uso. Si no est\u00e1 de acuerdo, le rogamos que se abstenga de utilizar el Sitio.<\/p><p>\u00a0<\/p><ol><li>Objetivo del sitio<\/li><\/ol><p>\u00a0<\/p><p>El sitio web ofrece informaci\u00f3n general sobre los servicios de contabilidad, fiscales, administrativos y de cumplimiento normativo de SAO. El contenido no constituye asesoramiento profesional.<\/p><p>\u00a0<\/p><ol start=\"2\"><li>Uso del sitio web<\/li><\/ol><p>\u00a0<\/p><p>Los usuarios se comprometen a utilizar el Sitio de forma l\u00edcita y de conformidad con la normativa aplicable. Queda prohibido cualquier uso indebido que pueda da\u00f1ar o perjudicar el Sitio.<\/p><p>\u00a0<\/p><ol start=\"3\"><li>Propiedad intelectual<\/li><\/ol><p>\u00a0<\/p><p>Todo el contenido del Sitio, incluyendo textos, logotipos, im\u00e1genes, marcas registradas y dise\u00f1o, es propiedad de SAO o se utiliza bajo licencia, y est\u00e1 protegido por las leyes aplicables. Queda prohibida la reproducci\u00f3n no autorizada.<\/p><p>\u00a0<\/p><ol start=\"4\"><li>Limitaci\u00f3n de responsabilidad<\/li><\/ol><p>\u00a0<\/p><p>SAO no garantiza la exactitud ni la integridad del contenido del Sitio. El uso del Sitio es responsabilidad exclusiva del usuario. SAO no se hace responsable de ning\u00fan da\u00f1o que pueda derivarse del uso del Sitio.<\/p><p>\u00a0<\/p><ol start=\"5\"><li>Enlaces a sitios web de terceros<\/li><\/ol><p>\u00a0<\/p><p>El Sitio puede contener enlaces a sitios web de terceros. SAO no se hace responsable de su contenido ni de sus pr\u00e1cticas.<\/p><p>\u00a0<\/p><ol start=\"6\"><li>Datos personales<\/li><\/ol><p>\u00a0<\/p><p>El tratamiento de los datos personales se rige por la Pol\u00edtica de privacidad disponible en el Sitio.<\/p><p>\u00a0<\/p><ol start=\"7\"><li>Cookies<\/li><\/ol><p>\u00a0<\/p><p>Este sitio web utiliza cookies de conformidad con la Pol\u00edtica de cookies.<\/p><p>\u00a0<\/p><ol start=\"8\"><li>Enmiendas<\/li><\/ol><p>\u00a0<\/p><p>SAO se reserva el derecho de actualizar estas Condiciones en cualquier momento. Los cambios entrar\u00e1n en vigor en el momento de su publicaci\u00f3n.<\/p><p>\u00a0<\/p><ol start=\"9\"><li>Legislaci\u00f3n aplicable<\/li><\/ol><p>\u00a0<\/p><p>Las presentes Condiciones se rigen por la legislaci\u00f3n aplicable de M\u00e9xico y\/o de los Estados Unidos.<\/p><p>\u00a0<\/p><ol start=\"10\"><li>Contacto<\/li><\/ol><p>\u00a0<\/p><p>Correo electr\u00f3nico: contact@sao.com<\/p>\t\t\t\t\t\t\t\t<\/div>\n\t\t\t\t\t<\/div>\n\t\t\t\t<\/div>\n\t\t\t\t<\/div>","protected":false},"excerpt":{"rendered":"<p>Last updated: ___ \u00a0 Welcome to the website of SAO \u2013 Servicios Administrativos OHRS, S. de R.L. de C.V. (\u201cSAO\u201d). By accessing and using this website (the \u201cSite\u201d), you agree to comply with these Terms and Conditions of Use. If you do not agree, please refrain from using the Site. \u00a0 Purpose of the Site [&hellip;]<\/p>","protected":false},"author":1,"featured_media":0,"parent":0,"menu_order":0,"comment_status":"closed","ping_status":"closed","template":"","meta":{"footnotes":""},"class_list":["post-148","page","type-page","status-publish","hentry"],"_links":{"self":[{"href":"https:\/\/northbridgetaxes.com\/es\/wp-json\/wp\/v2\/pages\/148","targetHints":{"allow":["GET"]}}],"collection":[{"href":"https:\/\/northbridgetaxes.com\/es\/wp-json\/wp\/v2\/pages"}],"about":[{"href":"https:\/\/northbridgetaxes.com\/es\/wp-json\/wp\/v2\/types\/page"}],"author":[{"embeddable":true,"href":"https:\/\/northbridgetaxes.com\/es\/wp-json\/wp\/v2\/users\/1"}],"replies":[{"embeddable":true,"href":"https:\/\/northbridgetaxes.com\/es\/wp-json\/wp\/v2\/comments?post=148"}],"version-history":[{"count":6,"href":"https:\/\/northbridgetaxes.com\/es\/wp-json\/wp\/v2\/pages\/148\/revisions"}],"predecessor-version":[{"id":415,"href":"https:\/\/northbridgetaxes.com\/es\/wp-json\/wp\/v2\/pages\/148\/revisions\/415"}],"wp:attachment":[{"href":"https:\/\/northbridgetaxes.com\/es\/wp-json\/wp\/v2\/media?parent=148"}],"curies":[{"name":"wp","href":"https:\/\/api.w.org\/{rel}","templated":true}]}}